{"id":233,"date":"2021-03-28T13:14:51","date_gmt":"2021-03-28T13:14:51","guid":{"rendered":"http:\/\/www.knitsushi.net\/?page_id=233"},"modified":"2025-07-14T08:03:59","modified_gmt":"2025-07-14T08:03:59","slug":"home","status":"publish","type":"page","link":"http:\/\/www.knitsushi.net\/","title":{"rendered":"Knitsushi \u2013 Konzeption und Design f\u00fcr Web &#038; Print"},"content":{"rendered":"\n<figure class=\"wp-block-image size-full\"><a href=\"http:\/\/www.knitsushi.net\/wp-content\/uploads\/2024\/03\/Knitshushi_logo.jpg\"><img loading=\"lazy\" decoding=\"async\" width=\"594\" height=\"218\" src=\"http:\/\/www.knitsushi.net\/wp-content\/uploads\/2024\/03\/Knitshushi_logo.jpg\" alt=\"\" class=\"wp-image-442\" srcset=\"http:\/\/www.knitsushi.net\/wp-content\/uploads\/2024\/03\/Knitshushi_logo.jpg 594w, http:\/\/www.knitsushi.net\/wp-content\/uploads\/2024\/03\/Knitshushi_logo-300x110.jpg 300w\" sizes=\"auto, (max-width: 594px) 100vw, 594px\" \/><\/a><\/figure>\n\n\n<div class=\"wp-block-image\">\n<figure class=\"aligncenter size-large is-resized\"><a href=\"http:\/\/www.knitsushi.net\/wp-content\/uploads\/2024\/03\/Knitshushi_header_sec-1.jpg\"><img loading=\"lazy\" decoding=\"async\" width=\"1024\" height=\"538\" src=\"http:\/\/www.knitsushi.net\/wp-content\/uploads\/2024\/03\/Knitshushi_header_sec-1-1024x538.jpg\" alt=\"\" class=\"wp-image-444\" style=\"width:1306px;height:auto\" srcset=\"http:\/\/www.knitsushi.net\/wp-content\/uploads\/2024\/03\/Knitshushi_header_sec-1-1024x538.jpg 1024w, http:\/\/www.knitsushi.net\/wp-content\/uploads\/2024\/03\/Knitshushi_header_sec-1-300x158.jpg 300w, http:\/\/www.knitsushi.net\/wp-content\/uploads\/2024\/03\/Knitshushi_header_sec-1-768x403.jpg 768w, http:\/\/www.knitsushi.net\/wp-content\/uploads\/2024\/03\/Knitshushi_header_sec-1.jpg 1240w\" sizes=\"auto, (max-width: 1024px) 100vw, 1024px\" \/><\/a><\/figure>\n<\/div>\n\n\n<p class=\"has-medium-font-size\" style=\"font-style:normal;font-weight:100\">WAS \u2026  Corporate Design, Social Media, Websites, von Kaffeetassen \u00fcber Brosch\u00fcren bis zum Messestand<br>KONZEPT  \u2026  inspizieren, beraten, kreieren, gl\u00fccklich machen<br>DESIGN  \u2026  zuh\u00f6ren, genau hinsehen, entwerfen, diskutieren, umsetzen, finalisieren<br>MIT PASSION  \u2026  ich lebe meinen Beruf mit Begeisterung<br>SINNE  \u2026  neugierig, offen, fr\u00f6hlich<br>ERFAHRUNG  \u2026  Geschick, Benutzerfreundlichkeit, Farben, Vergn\u00fcgen<\/p>\n\n\n<div class=\"wp-block-image\">\n<figure class=\"aligncenter size-full is-resized\"><a href=\"http:\/\/www.knitsushi.net\/wp-content\/uploads\/2024\/02\/Knitshushi_Sushi_visual_02b_924x924.jpg\"><img loading=\"lazy\" decoding=\"async\" width=\"924\" height=\"924\" src=\"http:\/\/www.knitsushi.net\/wp-content\/uploads\/2024\/02\/Knitshushi_Sushi_visual_02b_924x924.jpg\" alt=\"\" class=\"wp-image-393\" style=\"width:458px;height:auto\" srcset=\"http:\/\/www.knitsushi.net\/wp-content\/uploads\/2024\/02\/Knitshushi_Sushi_visual_02b_924x924.jpg 924w, http:\/\/www.knitsushi.net\/wp-content\/uploads\/2024\/02\/Knitshushi_Sushi_visual_02b_924x924-300x300.jpg 300w, http:\/\/www.knitsushi.net\/wp-content\/uploads\/2024\/02\/Knitshushi_Sushi_visual_02b_924x924-150x150.jpg 150w, http:\/\/www.knitsushi.net\/wp-content\/uploads\/2024\/02\/Knitshushi_Sushi_visual_02b_924x924-768x768.jpg 768w, http:\/\/www.knitsushi.net\/wp-content\/uploads\/2024\/02\/Knitshushi_Sushi_visual_02b_924x924-650x650.jpg 650w\" sizes=\"auto, (max-width: 924px) 100vw, 924px\" \/><\/a><\/figure>\n<\/div>\n\n\n<p style=\"font-size:34px\">Kundenliste<\/p>\n\n\n\n<div class=\"wp-block-columns is-layout-flex wp-container-core-columns-is-layout-9d6595d7 wp-block-columns-is-layout-flex\">\n<div class=\"wp-block-column is-layout-flow wp-block-column-is-layout-flow\">\n<ul class=\"wp-block-list\">\n<li style=\"font-size:20px\">Abrias AG<\/li>\n\n\n\n<li style=\"font-size:20px\">all-wear AG<\/li>\n\n\n\n<li style=\"font-size:20px\">AMC Schweiz<\/li>\n\n\n\n<li style=\"font-size:20px\">Apple Schweiz<\/li>\n\n\n\n<li style=\"font-size:20px\">Axpo Holding AG<\/li>\n\n\n\n<li style=\"font-size:20px\">Cinerent AG<\/li>\n\n\n\n<li style=\"font-size:20px\">Cillbarra Stud, Ireland<\/li>\n\n\n\n<li style=\"font-size:20px\">Clean Service<\/li>\n\n\n\n<li style=\"font-size:20px\">Coop<\/li>\n<\/ul>\n<\/div>\n\n\n\n<div class=\"wp-block-column is-layout-flow wp-block-column-is-layout-flow\">\n<ul class=\"wp-block-list\">\n<li style=\"font-size:20px\">Domaine la Laurentine<\/li>\n\n\n\n<li style=\"font-size:20px\">Elca Informatik AG<\/li>\n\n\n\n<li style=\"font-size:20px\">Franke <\/li>\n\n\n\n<li style=\"font-size:20px\">Geberit International AG <\/li>\n\n\n\n<li style=\"font-size:20px\">Jens Georg Bachmann<\/li>\n\n\n\n<li class=\"has-medium-font-size\">Klangwelt Toggenburg<\/li>\n\n\n\n<li style=\"font-size:20px\">Neomi Picard-Oppenheimer<\/li>\n\n\n\n<li style=\"font-size:20px\">Perfect Workout<\/li>\n\n\n\n<li style=\"font-size:20px\">Planplus<\/li>\n<\/ul>\n<\/div>\n\n\n\n<div class=\"wp-block-column is-layout-flow wp-block-column-is-layout-flow\">\n<ul class=\"wp-block-list\">\n<li style=\"font-size:20px\">Planum<\/li>\n\n\n\n<li style=\"font-size:20px\">Reichert Consulting<\/li>\n\n\n\n<li style=\"font-size:20px\">Restaurant Sonne<\/li>\n\n\n\n<li style=\"font-size:20px\">Starticket<\/li>\n\n\n\n<li style=\"font-size:20px\">Schober Partners Group<\/li>\n\n\n\n<li style=\"font-size:20px\">Shlomo Mintz<\/li>\n\n\n\n<li style=\"font-size:20px\">Smiling Image<\/li>\n\n\n\n<li style=\"font-size:20px\">Zahnarztpraxis Dr. Steuer<\/li>\n<\/ul>\n<\/div>\n<\/div>\n\n\n\n<p><\/p>\n\n\n\n<p><\/p>\n\n\n\n<p><\/p>\n\n\n\n<p><\/p>\n\n\n\n<p><\/p>\n\n\n\n<p><\/p>\n\n\n\n<div class=\"wp-block-columns is-layout-flex wp-container-core-columns-is-layout-9d6595d7 wp-block-columns-is-layout-flex\">\n<div class=\"wp-block-column is-layout-flow wp-block-column-is-layout-flow\" style=\"flex-basis:100%\">\n<div class=\"wp-block-columns is-layout-flex wp-container-core-columns-is-layout-9d6595d7 wp-block-columns-is-layout-flex\">\n<div class=\"wp-block-column is-layout-flow wp-block-column-is-layout-flow\">\n<figure class=\"wp-block-image size-full\"><a href=\"http:\/\/www.knitsushi.net\/wp-content\/uploads\/2024\/02\/Knitsushi_Macartney_02-1.jpg\"><img loading=\"lazy\" decoding=\"async\" width=\"560\" height=\"560\" src=\"http:\/\/www.knitsushi.net\/wp-content\/uploads\/2024\/02\/Knitsushi_Macartney_02-1.jpg\" alt=\"\" class=\"wp-image-420\" srcset=\"http:\/\/www.knitsushi.net\/wp-content\/uploads\/2024\/02\/Knitsushi_Macartney_02-1.jpg 560w, http:\/\/www.knitsushi.net\/wp-content\/uploads\/2024\/02\/Knitsushi_Macartney_02-1-300x300.jpg 300w, http:\/\/www.knitsushi.net\/wp-content\/uploads\/2024\/02\/Knitsushi_Macartney_02-1-150x150.jpg 150w\" sizes=\"auto, (max-width: 560px) 100vw, 560px\" \/><\/a><\/figure>\n<\/div>\n\n\n\n<div class=\"wp-block-column is-vertically-aligned-center is-layout-flow wp-block-column-is-layout-flow\">\n<p style=\"font-size:20px\">F\u00fcr detaillierte Referenzen kontaktieren Sie mich bitte, dann sende ich Ihnen gerne ein PDF mit aussagekr\u00e4ftigen Arbeitsbeispielen.   <\/p>\n\n\n\n<p style=\"font-size:20px\">Eva Macartney | Wildhaus | Switzerland<br><a href=\"mailto:e.macartney@knitsushi.net\">e.macartney@knitsushi.net<\/a><\/p>\n<\/div>\n\n\n\n<div class=\"wp-block-column is-layout-flow wp-block-column-is-layout-flow\"><\/div>\n<\/div>\n\n\n\n<div class=\"wp-block-columns is-layout-flex wp-container-core-columns-is-layout-9d6595d7 wp-block-columns-is-layout-flex\">\n<div class=\"wp-block-column is-layout-flow wp-block-column-is-layout-flow\" style=\"flex-basis:66.66%\">\n<p>Knitsushi (gestrickte Sushi) ja, stricke ich, macht mir Freude und so hat sich f\u00fcr mich als Selbst\u00e4ndige der Name ergeben. Steht f\u00fcr Konzeptionelle Arbeit, Kreativit\u00e4t und Design (wer strickt schon Sushi in Originalgr\u00f6\u00dfe?). <\/p>\n\n\n\n<p>Von der Logoerarbeitung bis zum medien\u00fcbergreifenden Coprorate Design, von \u00fcberraschenden Ideen bis zum \u00fcberzeugenden Messestand \u2013 ich kann Sie und Ihr Unternehmen kreativ und proaktiv unterst\u00fctzen, Vorschl\u00e4ge und Ideen bringen, nat\u00fcrlich auch die fertigen Daten zur Realisation versprechen und \u00fcbermitteln. Medien\u00fcbergreifende Projekte kann ich gerne auf Nachfrage als Referenzen vorstellen, auch kleine, feine Arbeiten. Ich bin als Ich unterwegs, habe erg\u00e4nzend ein gutes Netzwerk um mich. Gemeinsam arbeitet es sich am besten.<\/p>\n<\/div>\n\n\n\n<div class=\"wp-block-column is-layout-flow wp-block-column-is-layout-flow\" style=\"flex-basis:33.33%\">\n<figure class=\"wp-block-image size-full\"><a href=\"http:\/\/www.knitsushi.net\/wp-content\/uploads\/2024\/03\/Knitshushi_knitted_sushi_02.jpg\"><img loading=\"lazy\" decoding=\"async\" width=\"924\" height=\"924\" src=\"http:\/\/www.knitsushi.net\/wp-content\/uploads\/2024\/03\/Knitshushi_knitted_sushi_02.jpg\" alt=\"\" class=\"wp-image-450\" srcset=\"http:\/\/www.knitsushi.net\/wp-content\/uploads\/2024\/03\/Knitshushi_knitted_sushi_02.jpg 924w, http:\/\/www.knitsushi.net\/wp-content\/uploads\/2024\/03\/Knitshushi_knitted_sushi_02-300x300.jpg 300w, http:\/\/www.knitsushi.net\/wp-content\/uploads\/2024\/03\/Knitshushi_knitted_sushi_02-150x150.jpg 150w, http:\/\/www.knitsushi.net\/wp-content\/uploads\/2024\/03\/Knitshushi_knitted_sushi_02-768x768.jpg 768w, http:\/\/www.knitsushi.net\/wp-content\/uploads\/2024\/03\/Knitshushi_knitted_sushi_02-650x650.jpg 650w\" sizes=\"auto, (max-width: 924px) 100vw, 924px\" \/><\/a><\/figure>\n<\/div>\n<\/div>\n<\/div>\n<\/div>\n","protected":false},"excerpt":{"rendered":"<p>WAS \u2026 Corporate Design, Social Media, Websites, von Kaffeetassen \u00fcber Brosch\u00fcren bis zum MessestandKONZEPT \u2026 inspizieren, beraten, kreieren, gl\u00fccklich machenDESIGN \u2026 zuh\u00f6ren, genau hinsehen, entwerfen, diskutieren, umsetzen, finalisierenMIT PASSION \u2026 ich lebe meinen Beruf mit BegeisterungSINNE \u2026 neugierig, offen, fr\u00f6hlichERFAHRUNG \u2026 Geschick, Benutzerfreundlichkeit, Farben, Vergn\u00fcgen Kundenliste F\u00fcr detaillierte Referenzen kontaktieren Sie mich bitte, dann sende [&hellip;]<\/p>\n","protected":false},"author":1,"featured_media":0,"parent":0,"menu_order":12,"comment_status":"closed","ping_status":"closed","template":"","meta":{"footnotes":""},"class_list":["post-233","page","type-page","status-publish","hentry"],"_links":{"self":[{"href":"http:\/\/www.knitsushi.net\/index.php?rest_route=\/wp\/v2\/pages\/233","targetHints":{"allow":["GET"]}}],"collection":[{"href":"http:\/\/www.knitsushi.net\/index.php?rest_route=\/wp\/v2\/pages"}],"about":[{"href":"http:\/\/www.knitsushi.net\/index.php?rest_route=\/wp\/v2\/types\/page"}],"author":[{"embeddable":true,"href":"http:\/\/www.knitsushi.net\/index.php?rest_route=\/wp\/v2\/users\/1"}],"replies":[{"embeddable":true,"href":"http:\/\/www.knitsushi.net\/index.php?rest_route=%2Fwp%2Fv2%2Fcomments&post=233"}],"version-history":[{"count":84,"href":"http:\/\/www.knitsushi.net\/index.php?rest_route=\/wp\/v2\/pages\/233\/revisions"}],"predecessor-version":[{"id":457,"href":"http:\/\/www.knitsushi.net\/index.php?rest_route=\/wp\/v2\/pages\/233\/revisions\/457"}],"wp:attachment":[{"href":"http:\/\/www.knitsushi.net\/index.php?rest_route=%2Fwp%2Fv2%2Fmedia&parent=233"}],"curies":[{"name":"wp","href":"https:\/\/api.w.org\/{rel}","templated":true}]}}